{"id":7361,"date":"2025-10-20T19:47:41","date_gmt":"2025-10-20T22:47:41","guid":{"rendered":"https:\/\/softcare.com.br\/?page_id=7361"},"modified":"2026-03-18T09:45:23","modified_gmt":"2026-03-18T12:45:23","slug":"quizz-questao-7","status":"publish","type":"page","link":"https:\/\/softcare.com.br\/en\/quiz-soft-care\/quizz-questao-7\/","title":{"rendered":"05 Quiz"},"content":{"rendered":"\t\t<div data-elementor-type=\"wp-page\" data-elementor-id=\"7361\" class=\"elementor elementor-7361\" data-elementor-post-type=\"page\">\n\t\t\t\t<div class=\"elementor-element elementor-element-b90ad8d e-flex e-con-boxed e-con e-parent\" data-id=\"b90ad8d\" data-element_type=\"container\" data-e-type=\"container\" data-settings=\"{&quot;background_background&quot;:&quot;classic&quot;}\">\n\t\t\t\t\t<div class=\"e-con-inner\">\n\t\t<div class=\"elementor-element elementor-element-14bfaf3 e-con-full e-flex e-con e-child\" data-id=\"14bfaf3\" data-element_type=\"container\" data-e-type=\"container\" data-settings=\"{&quot;background_background&quot;:&quot;classic&quot;}\">\n\t\t\t\t<div class=\"elementor-element elementor-element-a8fab30 elementor-hidden-desktop elementor-hidden-tablet elementor-widget elementor-widget-image\" data-id=\"a8fab30\" data-element_type=\"widget\" data-e-type=\"widget\" data-widget_type=\"image.default\">\n\t\t\t\t<div class=\"elementor-widget-container\">\n\t\t\t\t\t\t\t\t\t\t\t\t\t\t\t<img fetchpriority=\"high\" decoding=\"async\" width=\"697\" height=\"450\" src=\"https:\/\/softcare.com.br\/wp-content\/uploads\/2025\/10\/pele-sensivel-img-e1761005093870.jpg\" class=\"attachment-full size-full wp-image-7369\" alt=\"\" srcset=\"https:\/\/softcare.com.br\/wp-content\/uploads\/2025\/10\/pele-sensivel-img-e1761005093870.jpg 697w, https:\/\/softcare.com.br\/wp-content\/uploads\/2025\/10\/pele-sensivel-img-e1761005093870-300x194.jpg 300w, https:\/\/softcare.com.br\/wp-content\/uploads\/2025\/10\/pele-sensivel-img-e1761005093870-18x12.jpg 18w\" sizes=\"(max-width: 697px) 100vw, 697px\" title=\"\">\t\t\t\t\t\t\t\t\t\t\t\t\t\t\t<\/div>\n\t\t\t\t<\/div>\n\t\t\t\t<div class=\"elementor-element elementor-element-78fff3a elementor-widget elementor-widget-heading\" data-id=\"78fff3a\" data-element_type=\"widget\" data-e-type=\"widget\" data-widget_type=\"heading.default\">\n\t\t\t\t<div class=\"elementor-widget-container\">\n\t\t\t\t\t<h2 class=\"elementor-heading-title elementor-size-default\">A pele do seu pet \u00e9 muito sens\u00edvel e apresenta rea\u00e7\u00e3o a produtos comuns?<\/h2>\t\t\t\t<\/div>\n\t\t\t\t<\/div>\n\t\t\t\t<div class=\"elementor-element elementor-element-e50faeb elementor-widget elementor-widget-heading\" data-id=\"e50faeb\" data-element_type=\"widget\" data-e-type=\"widget\" data-widget_type=\"heading.default\">\n\t\t\t\t<div class=\"elementor-widget-container\">\n\t\t\t\t\t<h2 class=\"elementor-heading-title elementor-size-default\">Fica irritada com facilidade?<\/h2>\t\t\t\t<\/div>\n\t\t\t\t<\/div>\n\t\t\t\t<div class=\"elementor-element elementor-element-a7a885e elementor-button-align-center elementor-widget__width-initial elementor-widget elementor-widget-form\" data-id=\"a7a885e\" data-element_type=\"widget\" data-e-type=\"widget\" data-settings=\"{&quot;step_next_label&quot;:&quot;Pr\\u00f3ximo&quot;,&quot;step_previous_label&quot;:&quot;Anterior&quot;,&quot;button_width&quot;:&quot;100&quot;,&quot;step_type&quot;:&quot;number_text&quot;,&quot;step_icon_shape&quot;:&quot;circle&quot;}\" data-widget_type=\"form.default\">\n\t\t\t\t<div class=\"elementor-widget-container\">\n\t\t\t\t\t\t\t<form class=\"elementor-form\" method=\"post\" name=\"Novo formul\u00e1rio\" aria-label=\"Novo formul\u00e1rio\">\n\t\t\t<input type=\"hidden\" name=\"post_id\" value=\"7361\"\/>\n\t\t\t<input type=\"hidden\" name=\"form_id\" value=\"a7a885e\"\/>\n\t\t\t<input type=\"hidden\" name=\"referer_title\" value=\"05 Quiz | Soft Care\" \/>\n\n\t\t\t\t\t\t\t<input type=\"hidden\" name=\"queried_id\" value=\"7361\"\/>\n\t\t\t\n\t\t\t<div class=\"elementor-form-fields-wrapper elementor-labels-above\">\n\t\t\t\t\t\t\t\t<div class=\"elementor-field-type-radio elementor-field-group elementor-column elementor-field-group-redirecionar elementor-col-100 elementor-field-required\">\n\t\t\t\t\t<div class=\"elementor-field-subgroup  \"><span class=\"elementor-field-option\"><input type=\"radio\" value=\"Sim, a pele fica irritada e avermelhada\" id=\"form-field-redirecionar-0\" name=\"form_fields[redirecionar]\" required=\"required\"> <label for=\"form-field-redirecionar-0\">Sim, a pele fica irritada e avermelhada<\/label><\/span><span class=\"elementor-field-option\"><input type=\"radio\" value=\"N\u00e3o, a pele reage normalmente\" id=\"form-field-redirecionar-1\" name=\"form_fields[redirecionar]\" required=\"required\"> <label for=\"form-field-redirecionar-1\">N\u00e3o, a pele reage normalmente<\/label><\/span><\/div>\t\t\t\t<\/div>\n\t\t\t\t\t\t\t\t<div class=\"elementor-field-group elementor-column elementor-field-type-submit elementor-col-100 e-form__buttons\">\n\t\t\t\t\t<button class=\"elementor-button elementor-size-lg elementor-animation-grow\" type=\"submit\">\n\t\t\t\t\t\t<span class=\"elementor-button-content-wrapper\">\n\t\t\t\t\t\t\t\t\t\t\t\t\t\t\t\t\t\t\t\t\t\t<span class=\"elementor-button-text\">Pr\u00f3ximo<\/span>\n\t\t\t\t\t\t\t\t\t\t\t\t\t<\/span>\n\t\t\t\t\t<\/button>\n\t\t\t\t<\/div>\n\t\t\t<\/div>\n\t\t<\/form>\n\t\t\t\t\t\t<\/div>\n\t\t\t\t<\/div>\n\t\t\t\t<\/div>\n\t\t\t\t\t<\/div>\n\t\t\t\t<\/div>\n\t\t\t\t<\/div>\n\t\t","protected":false},"excerpt":{"rendered":"<p>Onde Comprar A pele do seu pet \u00e9 muito sens\u00edvel e apresenta rea\u00e7\u00e3o a produtos comuns? Fica irritada com facilidade?<\/p>","protected":false},"author":1,"featured_media":0,"parent":7202,"menu_order":0,"comment_status":"closed","ping_status":"closed","template":"elementor_canvas","meta":{"footnotes":""},"class_list":["post-7361","page","type-page","status-publish","hentry"],"_links":{"self":[{"href":"https:\/\/softcare.com.br\/en\/wp-json\/wp\/v2\/pages\/7361","targetHints":{"allow":["GET"]}}],"collection":[{"href":"https:\/\/softcare.com.br\/en\/wp-json\/wp\/v2\/pages"}],"about":[{"href":"https:\/\/softcare.com.br\/en\/wp-json\/wp\/v2\/types\/page"}],"author":[{"embeddable":true,"href":"https:\/\/softcare.com.br\/en\/wp-json\/wp\/v2\/users\/1"}],"replies":[{"embeddable":true,"href":"https:\/\/softcare.com.br\/en\/wp-json\/wp\/v2\/comments?post=7361"}],"version-history":[{"count":48,"href":"https:\/\/softcare.com.br\/en\/wp-json\/wp\/v2\/pages\/7361\/revisions"}],"predecessor-version":[{"id":8370,"href":"https:\/\/softcare.com.br\/en\/wp-json\/wp\/v2\/pages\/7361\/revisions\/8370"}],"up":[{"embeddable":true,"href":"https:\/\/softcare.com.br\/en\/wp-json\/wp\/v2\/pages\/7202"}],"wp:attachment":[{"href":"https:\/\/softcare.com.br\/en\/wp-json\/wp\/v2\/media?parent=7361"}],"curies":[{"name":"wp","href":"https:\/\/api.w.org\/{rel}","templated":true}]}}