{"id":7688,"date":"2025-11-12T15:35:34","date_gmt":"2025-11-12T18:35:34","guid":{"rendered":"https:\/\/softcare.com.br\/?page_id=7688"},"modified":"2026-03-18T09:33:44","modified_gmt":"2026-03-18T12:33:44","slug":"quizz-skin-balance-shampoo-kit-c","status":"publish","type":"page","link":"https:\/\/softcare.com.br\/es\/quiz-soft-care\/quizz-skin-balance-shampoo-kit-c\/","title":{"rendered":"KIT C &#8211; Skin Balance Shampoo"},"content":{"rendered":"<div data-elementor-type=\"wp-page\" data-elementor-id=\"7688\" class=\"elementor elementor-7688\" data-elementor-post-type=\"page\">\n\t\t\t\t<div class=\"elementor-element elementor-element-b90ad8d e-flex e-con-boxed e-con e-parent\" data-id=\"b90ad8d\" data-element_type=\"container\" data-e-type=\"container\" data-settings=\"{&quot;background_background&quot;:&quot;classic&quot;}\">\n\t\t\t\t\t<div class=\"e-con-inner\">\n\t\t<div class=\"elementor-element elementor-element-14bfaf3 e-con-full e-flex e-con e-child\" data-id=\"14bfaf3\" data-element_type=\"container\" data-e-type=\"container\" data-settings=\"{&quot;background_background&quot;:&quot;classic&quot;}\">\n\t\t\t\t<div class=\"elementor-element elementor-element-78fff3a elementor-widget elementor-widget-heading\" data-id=\"78fff3a\" data-element_type=\"widget\" data-e-type=\"widget\" data-widget_type=\"heading.default\">\n\t\t\t\t<div class=\"elementor-widget-container\">\n\t\t\t\t\t<h2 class=\"elementor-heading-title elementor-size-default\">Champ\u00fa Soft Care Primer y Kit Equilibrio Cut\u00e1neo + K-Treat + Hydra-T<\/h2>\t\t\t\t<\/div>\n\t\t\t\t<\/div>\n\t\t\t\t<div class=\"elementor-element elementor-element-8af9182 elementor-widget elementor-widget-text-editor\" data-id=\"8af9182\" data-element_type=\"widget\" data-e-type=\"widget\" data-widget_type=\"text-editor.default\">\n\t\t\t\t<div class=\"elementor-widget-container\">\n\t\t\t\t\t\t\t\t\t<p>Equilibrio e hidrataci\u00f3n que convierten el ba\u00f1o en un verdadero momento de cuidado y salud.<\/p>\t\t\t\t\t\t\t\t<\/div>\n\t\t\t\t<\/div>\n\t\t\t\t<div class=\"elementor-element elementor-element-dd475e4 elementor-widget elementor-widget-image\" data-id=\"dd475e4\" data-element_type=\"widget\" data-e-type=\"widget\" data-widget_type=\"image.default\">\n\t\t\t\t<div class=\"elementor-widget-container\">\n\t\t\t\t\t\t\t\t\t\t\t\t\t\t\t<img fetchpriority=\"high\" decoding=\"async\" width=\"2153\" height=\"887\" src=\"https:\/\/softcare.com.br\/wp-content\/uploads\/2025\/11\/kit-3-Skin-Balance-Shampoo-e1762972616347.png\" class=\"attachment-full size-full wp-image-7668\" alt=\"\" srcset=\"https:\/\/softcare.com.br\/wp-content\/uploads\/2025\/11\/kit-3-Skin-Balance-Shampoo-e1762972616347.png 2153w, https:\/\/softcare.com.br\/wp-content\/uploads\/2025\/11\/kit-3-Skin-Balance-Shampoo-e1762972616347-300x124.png 300w, https:\/\/softcare.com.br\/wp-content\/uploads\/2025\/11\/kit-3-Skin-Balance-Shampoo-e1762972616347-1024x422.png 1024w, https:\/\/softcare.com.br\/wp-content\/uploads\/2025\/11\/kit-3-Skin-Balance-Shampoo-e1762972616347-768x316.png 768w, https:\/\/softcare.com.br\/wp-content\/uploads\/2025\/11\/kit-3-Skin-Balance-Shampoo-e1762972616347-1536x633.png 1536w, https:\/\/softcare.com.br\/wp-content\/uploads\/2025\/11\/kit-3-Skin-Balance-Shampoo-e1762972616347-2048x844.png 2048w, https:\/\/softcare.com.br\/wp-content\/uploads\/2025\/11\/kit-3-Skin-Balance-Shampoo-e1762972616347-18x7.png 18w\" sizes=\"(max-width: 2153px) 100vw, 2153px\" title=\"\">\t\t\t\t\t\t\t\t\t\t\t\t\t\t\t<\/div>\n\t\t\t\t<\/div>\n\t\t\t\t<div class=\"elementor-element elementor-element-7a71a59 elementor-align-center elementor-widget__width-initial elementor-widget elementor-widget-button\" data-id=\"7a71a59\" data-element_type=\"widget\" data-e-type=\"widget\" data-widget_type=\"button.default\">\n\t\t\t\t<div class=\"elementor-widget-container\">\n\t\t\t\t\t\t\t\t\t<div class=\"elementor-button-wrapper\">\n\t\t\t\t\t<a class=\"elementor-button elementor-button-link elementor-size-sm elementor-animation-grow\" href=\"https:\/\/www.mbsprogrooming.com.br\/soft-care\/kit-soft-care-shampoo-primer-amp-skin-balance-k-treat-hydra-t\" target=\"_blank\" rel=\"noopener\">\n\t\t\t\t\t\t<span class=\"elementor-button-content-wrapper\">\n\t\t\t\t\t\t\t\t\t<span class=\"elementor-button-text\">Comprar<\/span>\n\t\t\t\t\t<\/span>\n\t\t\t\t\t<\/a>\n\t\t\t\t<\/div>\n\t\t\t\t\t\t\t\t<\/div>\n\t\t\t\t<\/div>\n\t\t\t\t<div class=\"elementor-element elementor-element-b44121c elementor-widget elementor-widget-text-editor\" data-id=\"b44121c\" data-element_type=\"widget\" data-e-type=\"widget\" data-widget_type=\"text-editor.default\">\n\t\t\t\t<div class=\"elementor-widget-container\">\n\t\t\t\t\t\t\t\t\t<p>\n  Utilice el c\u00f3digo de cup\u00f3n \n  <span style=\"color: #8EB73E; font-weight: bold;\">QUIZ20<\/span> \n  y consigue un descuento 20%.\n<\/p>\t\t\t\t\t\t\t\t<\/div>\n\t\t\t\t<\/div>\n\t\t\t\t<\/div>\n\t\t\t\t\t<\/div>\n\t\t\t\t<\/div>\n\t\t\t\t<\/div>","protected":false},"excerpt":{"rendered":"<p>Onde Comprar Kit Soft Care Shampoo Primer &amp; Skin Balance + K-Treat + Hydra-T Equil\u00edbrio e hidrata\u00e7\u00e3o que transformam o banho em um verdadeiro momento de cuidado e sa\u00fade. Comprar Utilize o c\u00f3digo de cupom QUIZ20 e ganhe 20% de desconto.<\/p>","protected":false},"author":1,"featured_media":0,"parent":7202,"menu_order":0,"comment_status":"closed","ping_status":"closed","template":"elementor_canvas","meta":{"footnotes":""},"class_list":["post-7688","page","type-page","status-publish","hentry"],"_links":{"self":[{"href":"https:\/\/softcare.com.br\/es\/wp-json\/wp\/v2\/pages\/7688","targetHints":{"allow":["GET"]}}],"collection":[{"href":"https:\/\/softcare.com.br\/es\/wp-json\/wp\/v2\/pages"}],"about":[{"href":"https:\/\/softcare.com.br\/es\/wp-json\/wp\/v2\/types\/page"}],"author":[{"embeddable":true,"href":"https:\/\/softcare.com.br\/es\/wp-json\/wp\/v2\/users\/1"}],"replies":[{"embeddable":true,"href":"https:\/\/softcare.com.br\/es\/wp-json\/wp\/v2\/comments?post=7688"}],"version-history":[{"count":20,"href":"https:\/\/softcare.com.br\/es\/wp-json\/wp\/v2\/pages\/7688\/revisions"}],"predecessor-version":[{"id":8341,"href":"https:\/\/softcare.com.br\/es\/wp-json\/wp\/v2\/pages\/7688\/revisions\/8341"}],"up":[{"embeddable":true,"href":"https:\/\/softcare.com.br\/es\/wp-json\/wp\/v2\/pages\/7202"}],"wp:attachment":[{"href":"https:\/\/softcare.com.br\/es\/wp-json\/wp\/v2\/media?parent=7688"}],"curies":[{"name":"wp","href":"https:\/\/api.w.org\/{rel}","templated":true}]}}